{"id":23,"date":"2020-10-14T15:49:54","date_gmt":"2020-10-14T15:49:54","guid":{"rendered":"https:\/\/11bits.neutrica.com\/?page_id=23"},"modified":"2024-11-20T11:04:37","modified_gmt":"2024-11-20T10:04:37","slug":"contact","status":"publish","type":"page","link":"https:\/\/11bitstudios.com\/pl\/contact\/","title":{"rendered":"Contact"},"content":{"rendered":"<section class=\"l-section wpb_row us_custom_bab1119c height_auto with_img\"><div class=\"l-section-img\" style=\"background-image: url(https:\/\/11bitstudios.com\/wp-content\/uploads\/2021\/08\/contact-scaled.jpg);background-repeat: no-repeat;\" data-img-width=\"2560\" data-img-height=\"1440\"><\/div><div class=\"l-section-h i-cf\"><div class=\"g-cols vc_row type_default valign_top\"><div class=\"vc_col-sm-12 wpb_column vc_column_container\"><div class=\"vc_column-inner us_custom_aa8f29a9\"><div class=\"wpb_wrapper\"><\/div><\/div><\/div><\/div><\/div><\/section><section class=\"l-section wpb_row us_custom_61fa8ae9 height_auto section-clip-top with_overlay\"><div class=\"l-section-overlay\" style=\"background: #ffffff\"><\/div><div class=\"l-section-h i-cf\"><div class=\"g-cols vc_row type_default valign_top\"><div class=\"vc_col-sm-12 wpb_column vc_column_container max-content\"><div class=\"vc_column-inner\"><div class=\"wpb_wrapper\"><div class=\"g-cols wpb_row  us_custom_0911def1 type_default valign_top vc_inner\"><div class=\"vc_col-sm-6 wpb_column vc_column_container contactinfo-row\"><div class=\"vc_column-inner us_custom_5db35bcc\"><div class=\"wpb_wrapper\"><div class=\"wpb_text_column us_custom_a152cfcb has_text_color\" ><div class=\"wpb_wrapper\"><h1>11 BIT STUDIOS<\/h1>\n<\/div><\/div><div class=\"wpb_text_column us_custom_e17a1034 has_text_color\" ><div class=\"wpb_wrapper\"><p>Brzeska 2, 03-737, Warszawa, Polska<br \/>\n<a href=\"mailto:info@11bitstudios.com\">info@11bitstudios.com<\/a><br \/>\n<a href=\"tel:+48222502910\">+48 22 250 29 10<\/a><\/p>\n<\/div><\/div><div class=\"w-btn-wrapper width_auto align_left\"><a class=\"w-btn us-btn-style_13 us_custom_0f8f44b7 vc_hidden-xs vc_hidden-sm vc_hidden-md-1024\" target=\"_blank\" href=\"https:\/\/www.google.com\/maps\/place\/11+bit+studios+S.A.\/@52.2510276,21.0423735,17z\/data=!3m1!4b1!4m5!3m4!1s0x471ec95afc88b20f:0x3759ce068ebe205e!8m2!3d52.2510276!4d21.0445622\" rel=\"noopener\"><span class=\"w-btn-label\">NAWIGUJ<\/span><\/a><\/div><div class=\"w-btn-wrapper width_auto align_center\"><a class=\"w-btn us-btn-style_13 us_custom_0f8f44b7 vc_hidden-lg-1024\" target=\"_blank\" href=\"https:\/\/www.google.com\/maps\/place\/11+bit+studios+S.A.\/@52.2510276,21.0423735,17z\/data=!3m1!4b1!4m5!3m4!1s0x471ec95afc88b20f:0x3759ce068ebe205e!8m2!3d52.2510276!4d21.0445622\" rel=\"noopener\"><span class=\"w-btn-label\">NAWIGUJ<\/span><\/a><\/div><div class=\"wpb_text_column us_custom_48ee79df has_text_color\" ><div class=\"wpb_wrapper\"><p class=\" translation-block\">W celu zg\u0142oszenia naruszenia prawaw rozumieniu art. 24 ust. 1 ustawy z dnia 14 czerwca 2024 r. <br>o ochronie sygnalist\u00f3w skieruj wiadomo\u015b\u0107 na poni\u017cszy adres e-mail:<br>\n<a class=\"css-1rn59kg\" title=\"mailto:signal@11bitstudios.com\" href=\"mailto:signal@11bitstudios.com\" data-testid=\"link-with-safety\" data-renderer-mark=\"true\" target=\"_self\"><u data-renderer-mark=\"true\">signal@11bitstudios.com<\/u><\/a><\/p>\n<\/div><\/div><\/div><\/div><\/div><div class=\"vc_col-sm-6 wpb_column vc_column_container\"><div class=\"vc_column-inner us_custom_57c178eb\"><div class=\"wpb_wrapper\"><div class=\"w-map provider_google us_custom_df8783c5 us_map_1 clip-polygon-map map-desktop vc_hidden-sm vc_hidden-xs vc_hidden-md-1024\" id=\"us_map_1\"><div class=\"w-map-json\" onclick='return {&quot;address&quot;:&quot;52.25103158036096, 21.044407634820196&quot;,&quot;markers&quot;:[{&quot;address&quot;:&quot;52.25103158036096, 21.044407634820196&quot;,&quot;html&quot;:&quot;&quot;,&quot;infowindow&quot;:false}],&quot;zoom&quot;:14,&quot;maptype&quot;:&quot;ROADMAP&quot;,&quot;icon&quot;:{&quot;url&quot;:&quot;https:\\\/\\\/11bitstudios.com\\\/wp-content\\\/uploads\\\/2020\\\/11\\\/map_marker-150x150.png&quot;,&quot;size&quot;:[60,60]},&quot;height&quot;:400,&quot;hideControls&quot;:true}'><\/div><\/div><div class=\"w-map provider_google us_custom_821ea863 us_map_2 clip-polygon-map vc_hidden-lg-1024\" id=\"us_map_2\"><div class=\"w-map-json\" onclick='return {&quot;address&quot;:&quot;52.25103158036096, 21.044407634820196&quot;,&quot;markers&quot;:[{&quot;address&quot;:&quot;52.25103158036096, 21.044407634820196&quot;,&quot;html&quot;:&quot;&quot;,&quot;infowindow&quot;:false}],&quot;zoom&quot;:14,&quot;maptype&quot;:&quot;ROADMAP&quot;,&quot;icon&quot;:{&quot;url&quot;:&quot;https:\\\/\\\/11bitstudios.com\\\/wp-content\\\/uploads\\\/2020\\\/11\\\/map_marker-150x150.png&quot;,&quot;size&quot;:[60,60]},&quot;height&quot;:400,&quot;hideControls&quot;:true}'><\/div><\/div><\/div><\/div><\/div><\/div><\/div><\/div><\/div><\/div><\/div><\/section>","protected":false},"excerpt":{"rendered":"11 BIT STUDIOS Brzeska 2, 03-737, Warsaw, Poland info@11bitstudios.com +48 22 250 29 10 DIRECTIONSDIRECTIONSTo report a violation of the law within the meaning of Article 24 paragraph 1 of the Act of 14 June 2024 on the protection of whistleblowers, send a message to the following e-mail address: signal@11bitstudios.com","protected":false},"author":1,"featured_media":0,"parent":0,"menu_order":0,"comment_status":"closed","ping_status":"closed","template":"","meta":{"inline_featured_image":false},"acf":[],"aioseo_notices":[],"_links":{"self":[{"href":"https:\/\/11bitstudios.com\/pl\/wp-json\/wp\/v2\/pages\/23"}],"collection":[{"href":"https:\/\/11bitstudios.com\/pl\/wp-json\/wp\/v2\/pages"}],"about":[{"href":"https:\/\/11bitstudios.com\/pl\/wp-json\/wp\/v2\/types\/page"}],"author":[{"embeddable":true,"href":"https:\/\/11bitstudios.com\/pl\/wp-json\/wp\/v2\/users\/1"}],"replies":[{"embeddable":true,"href":"https:\/\/11bitstudios.com\/pl\/wp-json\/wp\/v2\/comments?post=23"}],"version-history":[{"count":207,"href":"https:\/\/11bitstudios.com\/pl\/wp-json\/wp\/v2\/pages\/23\/revisions"}],"predecessor-version":[{"id":9032,"href":"https:\/\/11bitstudios.com\/pl\/wp-json\/wp\/v2\/pages\/23\/revisions\/9032"}],"wp:attachment":[{"href":"https:\/\/11bitstudios.com\/pl\/wp-json\/wp\/v2\/media?parent=23"}],"curies":[{"name":"wp","href":"https:\/\/api.w.org\/{rel}","templated":true}]}}