{"id":2209,"date":"2021-01-13T12:22:35","date_gmt":"2021-01-13T12:22:35","guid":{"rendered":"https:\/\/11bits.neutrica.com\/?page_id=2209"},"modified":"2021-09-07T22:01:52","modified_gmt":"2021-09-07T22:01:52","slug":"submit-your-game","status":"publish","type":"page","link":"https:\/\/11bitstudios.com\/pl\/submit-your-game\/","title":{"rendered":"zg\u0142o\u015b swoj\u0105 gr\u0119"},"content":{"rendered":"<section class=\"l-section wpb_row us_custom_ac0ca196 height_auto width_full color_alternate\"><div class=\"l-section-h i-cf\"><div class=\"g-cols vc_row type_default valign_top\"><div class=\"vc_col-sm-12 wpb_column vc_column_container\"><div class=\"vc_column-inner\"><div class=\"wpb_wrapper\"><div class=\"w-image kv align_none\"><div class=\"w-image-h\"><img width=\"2560\" height=\"1280\" src=\"https:\/\/11bitstudios.com\/wp-content\/uploads\/2021\/08\/submit-scaled.jpg\" class=\"attachment-full size-full\" alt=\"\" srcset=\"https:\/\/11bitstudios.com\/wp-content\/uploads\/2021\/08\/submit-scaled.jpg 2560w, https:\/\/11bitstudios.com\/wp-content\/uploads\/2021\/08\/submit-300x150.jpg 300w, https:\/\/11bitstudios.com\/wp-content\/uploads\/2021\/08\/submit-1024x512.jpg 1024w, https:\/\/11bitstudios.com\/wp-content\/uploads\/2021\/08\/submit-16x8.jpg 16w, https:\/\/11bitstudios.com\/wp-content\/uploads\/2021\/08\/submit-600x300.jpg 600w, https:\/\/11bitstudios.com\/wp-content\/uploads\/2021\/08\/submit-384x192.jpg 384w, https:\/\/11bitstudios.com\/wp-content\/uploads\/2021\/08\/submit-1280x640.jpg 1280w, https:\/\/11bitstudios.com\/wp-content\/uploads\/2021\/08\/submit-18x9.jpg 18w\" sizes=\"(max-width: 2560px) 100vw, 2560px\" \/><\/div><\/div><\/div><\/div><\/div><\/div><\/div><\/section><section class=\"l-section wpb_row us_custom_58f1799b height_auto width_full section-clip-top\"><div class=\"l-section-h i-cf\"><div class=\"g-cols vc_row type_default valign_top\"><div class=\"vc_col-sm-12 wpb_column vc_column_container max-content\"><div class=\"vc_column-inner\"><div class=\"wpb_wrapper\"><div class=\"g-cols wpb_row  type_default valign_top vc_inner form_section1\"><div class=\"vc_col-sm-12 wpb_column vc_column_container\" id=\"submit-game-headline\"><div class=\"vc_column-inner\"><div class=\"wpb_wrapper\"><div class=\"wpb_text_column us_custom_cd246d39 has_text_color\" ><div class=\"wpb_wrapper\"><h1 style=\"color: white; text-align: center;\">ZG\u0141O\u015a SWOJ\u0104 GR\u0118<\/h1>\n<\/div><\/div><\/div><\/div><\/div><\/div><\/div><\/div><\/div><\/div><\/div><\/section><section class=\"l-section wpb_row us_custom_ef4bad74 height_auto width_full color_alternate\"><div class=\"l-section-h i-cf\"><div class=\"g-cols vc_row type_default valign_top\"><div class=\"vc_col-sm-12 wpb_column vc_column_container has_text_color\"><div class=\"vc_column-inner us_custom_6df4bc3a\"><div class=\"wpb_wrapper\"><div role=\"form\" class=\"wpcf7\" id=\"wpcf7-f42-o1\" lang=\"pl-PL\" dir=\"ltr\">\n<div class=\"screen-reader-response\"><p role=\"status\" aria-live=\"polite\" aria-atomic=\"true\"><\/p> <ul><\/ul><\/div>\n<form action=\"\/pl\/wp-json\/wp\/v2\/pages\/2209#wpcf7-f42-o1\" method=\"post\" class=\"wpcf7-form init\" enctype=\"multipart\/form-data\" novalidate=\"novalidate\" data-status=\"init\" data-trp-original-action=\"\/pl\/wp-json\/wp\/v2\/pages\/2209#wpcf7-f42-o1\">\n<div style=\"display: none;\">\n<input type=\"hidden\" name=\"_wpcf7\" value=\"42\" \/>\n<input type=\"hidden\" name=\"_wpcf7_version\" value=\"5.5.5\" \/>\n<input type=\"hidden\" name=\"_wpcf7_locale\" value=\"pl_PL\" \/>\n<input type=\"hidden\" name=\"_wpcf7_unit_tag\" value=\"wpcf7-f42-o1\" \/>\n<input type=\"hidden\" name=\"_wpcf7_container_post\" value=\"0\" \/>\n<input type=\"hidden\" name=\"_wpcf7_posted_data_hash\" value=\"\" \/>\n<input type=\"hidden\" name=\"_wpcf7_recaptcha_response\" value=\"\" \/>\n<\/div>\n<div class=\"form-section section-red crop_bottom_right_dark\">\n<div class=\"form-section-body\">\n<div class=\"header-wrapper\">\n<div class=\"section-header\">\n            <img  src=\"https:\/\/11bitstudios.com\/wp-content\/uploads\/2021\/02\/warstwa-544.png\"><br \/>\n            <span>OPOWIEDZ NAM <br><b>O SWOIM ZESPOLE<\/b><\/span>\n        <\/div>\n<\/div>\n<div class=\"subsection\">\n<div class=\"form_line\">\n<div class=\"form_inline\">\n                    <label> Nazwa zespo\u0142u<\/label><br \/>\n                    <span class=\"wpcf7-form-control-wrap teams_name\"><input type=\"text\" name=\"teams_name\" value=\"\" size=\"40\" class=\"wpcf7-form-control wpcf7-text wpcf7-validates-as-required\" aria-required=\"true\" aria-invalid=\"false\" placeholder=\"Team&#039;s name\" \/><\/span>\n                <\/div>\n<div class=\"form_inline\">\n                    <label> Strona WWW <\/label><br \/>\n                    <span class=\"wpcf7-form-control-wrap teams_website\"><input type=\"text\" name=\"teams_website\" value=\"\" size=\"40\" class=\"wpcf7-form-control wpcf7-text wpcf7-validates-as-required\" aria-required=\"true\" aria-invalid=\"false\" placeholder=\"Link do Waszej strony\" \/><\/span>\n                <\/div>\n<div class=\"form_inline\">\n                    <label> E-mail kontaktowy <\/label><br \/>\n                    <span class=\"wpcf7-form-control-wrap contact_email\"><input type=\"email\" name=\"contact_email\" value=\"\" size=\"40\" class=\"wpcf7-form-control wpcf7-text wpcf7-email wpcf7-validates-as-required wpcf7-validates-as-email\" aria-required=\"true\" aria-invalid=\"false\" placeholder=\"Jak mo\u017cemy si\u0119 z tob\u0105 skontaktowa\u0107?\" \/><\/span>\n                <\/div>\n<\/div>\n<\/div>\n<div class=\"subsection\">\n<div class=\"form_line\">\n<div class=\"form_inline\">\n<label>Rozmiar zespo\u0142u<\/label><br \/>\n<span class=\"wpcf7-form-control-wrap team_size\"><input type=\"text\" name=\"team_size\" value=\"\" size=\"40\" class=\"wpcf7-form-control wpcf7-text wpcf7-validates-as-required\" aria-required=\"true\" aria-invalid=\"false\" placeholder=\"Ile os\u00f3b liczy zesp\u00f3\u0142?\" \/><\/span><\/p>\n<\/div>\n<\/div>\n<\/div>\n<\/div>\n<\/div>\n<div class=\"form-section section-dark crop_top_left_red crop_bottom_right_white\">\n<div class=\"form-section-body\">\n<div class=\"header-wrapper\">\n<div class=\"section-header\">\n            <img src=\"https:\/\/11bitstudios.com\/wp-content\/uploads\/2021\/02\/warstwa-544.png\"><br \/>\n            <span> OPOWIEDZ NAM <br><b>O WASZEJ GRZE<\/b><\/span>\n        <\/div>\n<\/div>\n<div class=\"subsection\">\n<div class=\"form_line\">\n<div class=\"form_inline\">\n                    <label> Nazwa gry <\/label><br \/>\n                    <span class=\"wpcf7-form-control-wrap game_name\"><input type=\"text\" name=\"game_name\" value=\"\" size=\"40\" class=\"wpcf7-form-control wpcf7-text wpcf7-validates-as-required\" aria-required=\"true\" aria-invalid=\"false\" placeholder=\"Jak nazywa si\u0119 projekt?\" \/><\/span>\n                <\/div>\n<div class=\"form_inline\">\n                    <label> Gatunek <\/label><br \/>\n                    <span class=\"wpcf7-form-control-wrap genre\"><input type=\"text\" name=\"genre\" value=\"\" size=\"40\" class=\"wpcf7-form-control wpcf7-text wpcf7-validates-as-required\" aria-required=\"true\" aria-invalid=\"false\" placeholder=\"Jaki to rodzaj gry?\" \/><\/span>\n                <\/div>\n<div class=\"form_inline hidden_for_mobiles\"><\/div>\n<\/div>\n<\/div>\n<div class=\"subsection\">\n<div class=\"form_line\">\n<div class=\"textarea w-100\">\n                    <label> Obietnica <\/label><br \/>\n                    <span class=\"wpcf7-form-control-wrap premise\"><textarea name=\"premise\" cols=\"40\" rows=\"10\" class=\"wpcf7-form-control wpcf7-textarea wpcf7-validates-as-required\" aria-required=\"true\" aria-invalid=\"false\" placeholder=\"Kr\u00f3tki opis gry. Pojedyncze zdanie zawieraj\u0105ce w sobie wszystkie USP gry.\"><\/textarea><\/span>\n                <\/div>\n<\/div>\n<\/div>\n<div class=\"subsection\">\n            <label> Core gameplay - lista 3 do 5 najwa\u017cniejszych mechanik, kt\u00f3re dostanie gracz. <\/label><\/p>\n<div class=\"form_line\">\n<div class=\"form_inline\"><span class=\"wpcf7-form-control-wrap core_gameplay_1\"><input type=\"text\" name=\"core_gameplay_1\" value=\"\" size=\"40\" class=\"wpcf7-form-control wpcf7-text wpcf7-validates-as-required\" aria-required=\"true\" aria-invalid=\"false\" placeholder=\"Wymagane\" \/><\/span><\/div>\n<div class=\"form_inline\"><span class=\"wpcf7-form-control-wrap core_gameplay_2\"><input type=\"text\" name=\"core_gameplay_2\" value=\"\" size=\"40\" class=\"wpcf7-form-control wpcf7-text wpcf7-validates-as-required\" aria-required=\"true\" aria-invalid=\"false\" placeholder=\"Wymagane\" \/><\/span><\/div>\n<div class=\"form_inline\"><span class=\"wpcf7-form-control-wrap core_gameplay_3\"><input type=\"text\" name=\"core_gameplay_3\" value=\"\" size=\"40\" class=\"wpcf7-form-control wpcf7-text wpcf7-validates-as-required\" aria-required=\"true\" aria-invalid=\"false\" placeholder=\"Wymagane\" \/><\/span><\/div>\n<div class=\"form_inline\"><span class=\"wpcf7-form-control-wrap core_gameplay_4\"><input type=\"text\" name=\"core_gameplay_4\" value=\"\" size=\"40\" class=\"wpcf7-form-control wpcf7-text\" aria-invalid=\"false\" placeholder=\"Opcjonalne\" \/><\/span><\/div>\n<div class=\"form_inline\"><span class=\"wpcf7-form-control-wrap core_gameplay_5\"><input type=\"text\" name=\"core_gameplay_5\" value=\"\" size=\"40\" class=\"wpcf7-form-control wpcf7-text\" aria-invalid=\"false\" placeholder=\"Opcjonalne\" \/><\/span><\/div>\n<div class=\"form_inline\"><\/div>\n<\/div>\n<\/div>\n<div class=\"subsection\">\n            <label> Wymie\u0144 5 cech, kt\u00f3re sprawiaj\u0105, \u017ce Twoja gra jest unikalna w por\u00f3wnaniu do innych gier tego typu. <\/label><\/p>\n<div class=\"form_line\">\n<div class=\"form_inline\"><span class=\"wpcf7-form-control-wrap feature_1\"><input type=\"text\" name=\"feature_1\" value=\"\" size=\"40\" class=\"wpcf7-form-control wpcf7-text wpcf7-validates-as-required\" aria-required=\"true\" aria-invalid=\"false\" placeholder=\"Wymagane\" \/><\/span> <\/div>\n<div class=\"form_inline\"><span class=\"wpcf7-form-control-wrap feature_2\"><input type=\"text\" name=\"feature_2\" value=\"\" size=\"40\" class=\"wpcf7-form-control wpcf7-text wpcf7-validates-as-required\" aria-required=\"true\" aria-invalid=\"false\" placeholder=\"Wymagane\" \/><\/span><\/div>\n<div class=\"form_inline\"><span class=\"wpcf7-form-control-wrap feature_3\"><input type=\"text\" name=\"feature_3\" value=\"\" size=\"40\" class=\"wpcf7-form-control wpcf7-text wpcf7-validates-as-required\" aria-required=\"true\" aria-invalid=\"false\" placeholder=\"Wymagane\" \/><\/span> <\/div>\n<div class=\"form_inline\"><span class=\"wpcf7-form-control-wrap feature_4\"><input type=\"text\" name=\"feature_4\" value=\"\" size=\"40\" class=\"wpcf7-form-control wpcf7-text\" aria-invalid=\"false\" placeholder=\"Opcjonalne\" \/><\/span> <\/div>\n<div class=\"form_inline\"><span class=\"wpcf7-form-control-wrap feature_5\"><input type=\"text\" name=\"feature_5\" value=\"\" size=\"40\" class=\"wpcf7-form-control wpcf7-text\" aria-invalid=\"false\" placeholder=\"Opcjonalne\" \/><\/span> <\/div>\n<div class=\"form_inline\"><\/div>\n<\/div>\n<\/div>\n<div class=\"subsection\">\n<div class=\"form_line\">\n<div class=\"form_inline\">\n                    <label>Model biznesowy<\/label><br \/>\n                    <span class=\"wpcf7-form-control-wrap Model\"><select name=\"Model\" class=\"wpcf7-form-control wpcf7-select wpcf7-validates-as-required\" aria-required=\"true\" aria-invalid=\"false\"><option value=\"\">Wybierz<\/option><option value=\"Freemium\">Freemium<\/option><option value=\"Subscription\">Subskrypcja<\/option><option value=\"Advertising\">Advertising<\/option><option value=\"Premium\">Premium<\/option><\/select><\/span>\n                <\/div>\n<div class=\"form_inline\">\n                    <label> G\u0142\u00f3wna platforma docelowa <\/label><br \/>\n                    <span class=\"wpcf7-form-control-wrap Platform\"><select name=\"Platform\" class=\"wpcf7-form-control wpcf7-select wpcf7-validates-as-required\" aria-required=\"true\" aria-invalid=\"false\"><option value=\"\">Wybierz<\/option><option value=\"PC\">PC<\/option><option value=\"Switch\">Switch<\/option><option value=\"Android\">Android<\/option><option value=\"iOS\">iOS<\/option><option value=\"Playstaion\">Playstaion<\/option><option value=\"XBox\">XBox<\/option><\/select><\/span>\n                <\/div>\n<div class=\"form_inline\"><\/div>\n<\/div>\n<\/div>\n<\/div>\n<\/div>\n<div class=\"form-section section-white crop_top_left_dark\">\n<div class=\"form-section-body\">\n<div class=\"header-wrapper\">\n<div class=\"section-header\">\n            <img src=\"https:\/\/11bitstudios.com\/wp-content\/uploads\/2020\/12\/exclamation_63.png\"><br \/>\n            <span> WY\u015aLIJ NAM <br><b>WASZ PITCH<\/b><\/span>\n        <\/div>\n<\/div>\n<div class=\"subsection\">\n           <label><br \/>\n                Pitch doc gry (Maksymalny rozmiar pliku to 10 MB. Akceptowane formaty to: .zip .rar .7z .pdf .doc .docx)<br\/><br \/>\n           <\/label><\/p>\n<div class=\"file-upload-wrapper\">\n<p>                <button class=\"btn file-upload-button\" id=\"fileUploadButton\" type=\"button\" onclick=\"getFile()\"><br \/>\n                    <i class=\"far fa-plus\"><\/i><br \/>\n                <\/button><\/p>\n<p>                <span id=\"file-selected\">nie wybrano pliku<\/span><\/p>\n<p>                <span class=\"wpcf7-form-control-wrap file-959\"><input type=\"file\" name=\"file-959\" size=\"40\" class=\"wpcf7-form-control wpcf7-file w-btn us-btn-style_13\" id=\"file-upload\" accept=\".zip,.rar,.7z,.pdf,.doc,.docx\" aria-invalid=\"false\" \/><\/span><\/p>\n<\/div>\n<div class=\"form_line\">\n<div class=\"form_inline\">\n                    <label>Link do video<br\/>e.g. https:\/\/youtu.be\/1VEKpJBX8V4<\/label><br \/>\n                    <span class=\"wpcf7-form-control-wrap video_link\"><input type=\"url\" name=\"video_link\" value=\"\" size=\"40\" class=\"wpcf7-form-control wpcf7-text wpcf7-url wpcf7-validates-as-url\" aria-invalid=\"false\" placeholder=\"Link do video\" \/><\/span>\n                <\/div>\n<div class=\"form_inline\">\n                    <label>Dodatkowa dokumentacja\/pliki<br class=\"d-none d-1025-block\"\/><\/label><br \/>\n                    <span class=\"wpcf7-form-control-wrap additional_url\"><input type=\"url\" name=\"additional_url\" value=\"\" size=\"40\" class=\"wpcf7-form-control wpcf7-text wpcf7-url wpcf7-validates-as-url\" aria-invalid=\"false\" placeholder=\"Je\u017celi pliki s\u0105 wi\u0119ksze ni\u017c 10 MB, wklej adres sk\u0105d mo\u017cemy je \u015bci\u0105gn\u0105\u0107.\" \/><\/span>\n                <\/div>\n<\/div>\n<div class=\"form_line\">\n<div class=\"form_inline w-100\">\n<div class=\"textarea w-100\">\n                        <label>Dodatkowe komentarze<\/label><br \/>\n                            <span class=\"wpcf7-form-control-wrap additional_comments\"><textarea name=\"additional_comments\" cols=\"40\" rows=\"10\" class=\"wpcf7-form-control wpcf7-textarea\" aria-invalid=\"false\" placeholder=\"Je\u017celi chcesz si\u0119 jeszcze czym\u015b z nami podzieli\u0107.\"><\/textarea><\/span>\n                    <\/div>\n<\/div>\n<\/div>\n<div class=\"form_line_submit form_line\">\n<div class=\"submit-text-wrapper\">\n<div class=\"form_inline w-100\">\n<span class=\"wpcf7-form-control-wrap acceptance-598\"><span class=\"wpcf7-form-control wpcf7-acceptance\"><span class=\"wpcf7-list-item\"><label><input type=\"checkbox\" name=\"acceptance-598\" value=\"1\" aria-invalid=\"false\" \/><span class=\"wpcf7-list-item-label\">O\u015bwiadczam, \u017ce zapozna\u0142em\/am si\u0119 z Regulaminem i Polityk\u0105 prywatno\u015bci oraz akceptuj\u0119 wszystkie zawarte w nich warunki.<\/span><\/label><\/span><\/span><\/span><\/p>\n<\/div>\n<\/div>\n<div class=\"submit-button-wrapper\">\n<div class=\"form_inline w-100\">\n                \t    <button class=\"w-btn us-btn-style_13 wpcf7-form-control wpcf7-submit button\" id=\"form-submit\" type=\"submit\">ZG\u0141O\u015a SWOJ\u0104 GR\u0118<\/button>\n                \t<\/div>\n<\/div>\n<\/div>\n<div class=\"form_line\">\n<div class=\"form_inline w-100\">\n<p>Otrzymujemy mn\u00f3stwo zg\u0142osze\u0144 i by\u0107 mo\u017ce nie b\u0119dziemy w stanie odpisa\u0107 na ka\u017cde - ale je\u015bli z\u0142apiemy haczyk, na pewno odpiszemy.<\/p>\n<\/div>\n<\/div>\n<\/div>\n<\/div>\n<\/div>\n<div class=\"wpcf7-response-output\" aria-hidden=\"true\"><\/div><input type=\"hidden\" name=\"trp-form-language\" value=\"pl\"\/><\/form><\/div>\n\t<div class=\"wpb_raw_code wpb_raw_js\" >\n\t\t<div class=\"wpb_wrapper\">\n\t\t\t<script> \n\n\n\n\n\n\n(function($){\n\n$(document).on('click', '#form-submit', function(){\n    console.log($('.wpcf7-response-output').css('display'))\n})\n\n})(jQuery)\n\n\n\n\n <\/script>\n\t\t<\/div>\n\t<\/div>\n<\/div><\/div><\/div><\/div><\/div><\/section>","protected":false},"excerpt":{"rendered":"SUBMIT YOUR GAME TELL US ABOUT YOUR TEAM Team's name Team's website Contact e-mail Team size TELL US ABOUT YOUR GAME Game name Genre Premise Core gameplay - a list of 3 to 5 core gameplay mechanisms available to your player. What are the 5 features making your game unique in comparison to other games...","protected":false},"author":1,"featured_media":0,"parent":0,"menu_order":0,"comment_status":"closed","ping_status":"closed","template":"","meta":{"inline_featured_image":false},"acf":[],"aioseo_notices":[],"_links":{"self":[{"href":"https:\/\/11bitstudios.com\/pl\/wp-json\/wp\/v2\/pages\/2209"}],"collection":[{"href":"https:\/\/11bitstudios.com\/pl\/wp-json\/wp\/v2\/pages"}],"about":[{"href":"https:\/\/11bitstudios.com\/pl\/wp-json\/wp\/v2\/types\/page"}],"author":[{"embeddable":true,"href":"https:\/\/11bitstudios.com\/pl\/wp-json\/wp\/v2\/users\/1"}],"replies":[{"embeddable":true,"href":"https:\/\/11bitstudios.com\/pl\/wp-json\/wp\/v2\/comments?post=2209"}],"version-history":[{"count":35,"href":"https:\/\/11bitstudios.com\/pl\/wp-json\/wp\/v2\/pages\/2209\/revisions"}],"predecessor-version":[{"id":7487,"href":"https:\/\/11bitstudios.com\/pl\/wp-json\/wp\/v2\/pages\/2209\/revisions\/7487"}],"wp:attachment":[{"href":"https:\/\/11bitstudios.com\/pl\/wp-json\/wp\/v2\/media?parent=2209"}],"curies":[{"name":"wp","href":"https:\/\/api.w.org\/{rel}","templated":true}]}}